{"id":1361,"date":"2021-04-21T10:18:16","date_gmt":"2021-04-21T10:18:16","guid":{"rendered":"https:\/\/fdmri.uniri.hr\/?page_id=1361"},"modified":"2026-03-17T12:51:15","modified_gmt":"2026-03-17T12:51:15","slug":"departments","status":"publish","type":"page","link":"https:\/\/fdmri.uniri.hr\/en\/faculty\/departments\/","title":{"rendered":"Faculty departments"},"content":{"rendered":"\n<p>The Faculty of dental medicine of the University of Rijeka consists of the following departments:<br><br><\/p>\n\n\n\n<p style=\"font-size:24px\"><strong>Department of Oral Surgery<\/strong><\/p>\n\n\n\n<p><strong>Head of department<\/strong>:<\/p>\n\n\n\n<div class=\"wp-block-group is-layout-flow wp-block-group-is-layout-flow\">\n<div class=\"wp-block-group is-layout-flow wp-block-group-is-layout-flow\">\n<p>Asst. Prof. Ivana Vidovi\u0107 Zdrili\u0107, DMD, PhD<\/p>\n\n\n\n<ul class=\"wp-block-list\">\n<li>e-mail:&nbsp;<a href=\"mailto:ivana.vidovic@fdmri.uniri.hr\">ivana.vidovic@fdmri.uniri.hr<\/a><\/li>\n<\/ul>\n\n\n\n<div class=\"wp-block-group is-layout-flow wp-block-group-is-layout-flow\"><\/div>\n<\/div>\n<\/div>\n\n\n\n<p><strong>Members:<\/strong><\/p>\n\n\n\n<p>Prof. Prim. Tomislav \u0106abov, DMD, PhD<\/p>\n\n\n\n<ul class=\"wp-block-list\">\n<li>e-mail:&nbsp;<a href=\"mailto:tomislav.cabov@fdmri.uniri.hr\">tomislav.cabov@fdmri.uniri.hr<\/a><\/li>\n<\/ul>\n\n\n\n<p>Assoc. Prof. Ivan Gali\u0107, DMD, PhD<\/p>\n\n\n\n<p>Asst. Prof.&nbsp;Marko Bla\u0161kovi\u0107, DMD, PhD,<\/p>\n\n\n\n<p>Iva Zeneral \u017du\u017ea, DMD<\/p>\n\n\n\n<ul class=\"wp-block-list\">\n<li>e-mail:&nbsp;<a href=\"mailto:iva.zeneral.zuza@fdmri.uniri.hr\">iva.zeneral.zuza@fdmri.uniri.hr<\/a><\/li>\n<\/ul>\n\n\n\n<p>Lovre Labura, DMD, &nbsp;<\/p>\n\n\n\n<ul class=\"wp-block-list\">\n<li>e-mail:&nbsp;<a href=\"mailto:lovre.labura@fdmri.uniri.hr\">lovre.labura@fdmri.uniri.hr<\/a><\/li>\n<\/ul>\n\n\n\n<p>David \u0160aravanja, DMD<\/p>\n\n\n\n<ul class=\"wp-block-list\">\n<li>e-mail:&nbsp;<a href=\"mailto:david.saravanja@fdmri.uniri.hr\">david.saravanja@fdmri.uniri.hr<\/a><\/li>\n<\/ul>\n\n\n\n<p><strong>Associates:<\/strong><\/p>\n\n\n\n<p>Honorary Prof. Marko Matijevi\u0107, DMD, PhD<\/p>\n\n\n\n<p>Ana Zulijani, DMD, PhD<\/p>\n\n\n\n<p>Willy Kocjan, DMD, MSc<\/p>\n\n\n\n<p>Nenad Popov, DMD<\/p>\n\n\n\n<p>Ana Barbali\u0107, DMD<br><br><\/p>\n\n\n\n<p style=\"font-size:24px\"><strong>Department of Pediatric Dentistry<\/strong><\/p>\n\n\n\n<p><strong>Head of department<\/strong>:<\/p>\n\n\n\n<p>Prof. Prim. Nata\u0161a Ivan\u010di\u0107 Joki\u0107, DMD, PhD<\/p>\n\n\n\n<ul class=\"wp-block-list\">\n<li>e-mail:&nbsp;<a href=\"mailto:natasa.ivancic.jokic@fdmri.uniri.hr\">natasa.ivancic.jokic@fdmri.uniri.hr<\/a><\/li>\n<\/ul>\n\n\n\n<p><strong>Members:<\/strong><\/p>\n\n\n\n<p>Prof. Prim. Danko Bakar\u010di\u0107, DMD, PhD<\/p>\n\n\n\n<ul class=\"wp-block-list\">\n<li>e-mail:&nbsp;<a href=\"mailto:danko.bakarcic@fdmri.uniri.hr\">danko.bakarcic@fdmri.uniri.hr<\/a><\/li>\n<\/ul>\n\n\n\n<p>Odri Cicvari\u0107, DMD, PhD<\/p>\n\n\n\n<ul class=\"wp-block-list\">\n<li>e-mail:&nbsp;<a href=\"mailto:odri.cicvaric@fdmri.uniri.hr\">odri.cicvaric@fdmri.uniri.hr<\/a><\/li>\n<\/ul>\n\n\n\n<p>Leda Ba\u0161i\u0107, DMD<\/p>\n\n\n\n<ul class=\"wp-block-list\">\n<li>e-mail:&nbsp;lbasic1@fdmri.uniri.hr<\/li>\n<\/ul>\n\n\n\n<p><strong>Associates:<\/strong><\/p>\n\n\n\n<p>Marija \u0160imunovi\u0107-Erpu\u0161ina, DMD <\/p>\n\n\n\n<ul class=\"wp-block-list\">\n<li>e-mail:&nbsp;<a rel=\"noreferrer noopener\" href=\"mailto:marija.simunovic.e@gmail.com\" target=\"_blank\">marija.simunovic.e@gmail.com<\/a><br><br><\/li>\n<\/ul>\n\n\n\n<p style=\"font-size:24px\"><strong>Department of Endodontics and Restorative Dentistry<\/strong><\/p>\n\n\n\n<p><strong>Head of department<\/strong>:<\/p>\n\n\n\n<p>Prof. Ivana Brekalo Pr\u0161o, DMD, PhD<\/p>\n\n\n\n<ul class=\"wp-block-list\">\n<li>e-mail:&nbsp;<a href=\"mailto:ivana.brekalo@fdmri.uniri.hr\">ivana.brekalo@fdmri.uniri.hr<\/a><\/li>\n<\/ul>\n\n\n\n<p><strong>Members:<\/strong><\/p>\n\n\n\n<p>Prof. Alen Braut, DMD, PhD<\/p>\n\n\n\n<ul class=\"wp-block-list\">\n<li>e-mail:&nbsp;<a href=\"mailto:alen.braut@fdmri.uniri.hr\">alen.braut@fdmri.uniri.hr<\/a><\/li>\n<\/ul>\n\n\n\n<p>Asst. Prof. Romana Per\u0161i\u0107 Bukmir, DMD, PhD<\/p>\n\n\n\n<ul class=\"wp-block-list\">\n<li>e-mail:&nbsp;<a href=\"mailto:romana.persic@fdmri.uniri.hr\">romana.persic@fdmri.uniri.hr<\/a><\/li>\n<\/ul>\n\n\n\n<p>Asst. Prof. Damir \u0160njari\u0107, DMD, PhD<\/p>\n\n\n\n<ul class=\"wp-block-list\">\n<li>e-mail:&nbsp;<a href=\"mailto:damir.snjaric@fdmri.uniri.hr\">damir.snjaric@fdmri.uniri.hr<\/a><\/li>\n<\/ul>\n\n\n\n<p>Asst. Prof. Jelena Vidas Hrsti\u0107, DMD, PhD<\/p>\n\n\n\n<ul class=\"wp-block-list\">\n<li>e-mail:&nbsp;<a href=\"mailto:jelena.vidas@fdmri.uniri.hr\">jelena.vidas@fdmri.uniri.hr<\/a><\/li>\n<\/ul>\n\n\n\n<p>Asst. Prof. Ivana Vidovi\u0107 Zdrili\u0107, DMD, PhD<\/p>\n\n\n\n<ul class=\"wp-block-list\">\n<li>e-mail:&nbsp;<a href=\"mailto:ivana.vidovic@fdmri.uniri.hr\">ivana.vidovic@fdmri.uniri.hr<\/a><\/li>\n<\/ul>\n\n\n\n<p>Ema Paljevi\u0107, DMD, PhD<\/p>\n\n\n\n<ul class=\"wp-block-list\">\n<li>e-mail:&nbsp;<a href=\"mailto:ema.paljevic@fdmri.uniri.hr\">ema.paljevic@fdmri.uniri.hr<\/a><\/li>\n<\/ul>\n\n\n\n<p>Elvis Bo\u017eac, DMD, PhD, Assistant<\/p>\n\n\n\n<ul class=\"wp-block-list\">\n<li>e-mail:&nbsp;<a href=\"mailto:elvis.bozac@gmail.com\">elvis.bozac@gmail.com<\/a><br>&nbsp;&nbsp;&nbsp;&nbsp;&nbsp;&nbsp;&nbsp;&nbsp;&nbsp;&nbsp;&nbsp;&nbsp;&nbsp;&nbsp;&nbsp;&nbsp;&nbsp;&nbsp;&nbsp;&nbsp;&nbsp;&nbsp;&nbsp;&nbsp;&nbsp;&nbsp;&nbsp;&nbsp;&nbsp;&nbsp;&nbsp;&nbsp;&nbsp;&nbsp;&nbsp;&nbsp;&nbsp;&nbsp;&nbsp;&nbsp;&nbsp;&nbsp;&nbsp;&nbsp;&nbsp;&nbsp;&nbsp;&nbsp;&nbsp;&nbsp;&nbsp;&nbsp;&nbsp;&nbsp;&nbsp;&nbsp;&nbsp;&nbsp;&nbsp;&nbsp;&nbsp;&nbsp;&nbsp;&nbsp;&nbsp;<\/li>\n<\/ul>\n\n\n\n<p><\/p>\n\n\n\n<p style=\"font-size:24px\"><strong>Department of Orthodontics<\/strong><\/p>\n\n\n\n<p><strong>Head of department<\/strong>:<\/p>\n\n\n\n<p>Asst. Prof. Magda Trinajsti\u0107 Zrinski, DMD, PhD<\/p>\n\n\n\n<ul class=\"wp-block-list\">\n<li>e-mail:&nbsp;<a href=\"mailto:magda.zrinski@fdmri.uniri.hr\">magda.zrinski@fdmri.uniri.hr<\/a><\/li>\n<\/ul>\n\n\n\n<p><strong>Members:<\/strong><\/p>\n\n\n\n<p>Prof. Prim. Stjepan \u0160palj, DMD, PhD, Master of Journalism<\/p>\n\n\n\n<ul class=\"wp-block-list\">\n<li>e-mail:&nbsp;<a href=\"mailto:stjepan.spalj@fdmri.uniri.hr\">stjepan.spalj@fdmri.uniri.hr<\/a><\/li>\n<\/ul>\n\n\n\n<p>Asst. Prof.&nbsp;Vi\u0161nja Kati\u0107, DMD, PhD<\/p>\n\n\n\n<ul class=\"wp-block-list\">\n<li>e-mail:&nbsp;<a href=\"mailto:visnja.katic@fdmri.uniri.hr\">visnja.katic@fdmri.uniri.hr<\/a><\/li>\n<\/ul>\n\n\n\n<p>Matea Badnjevi\u0107, DMD<\/p>\n\n\n\n<ul class=\"wp-block-list\">\n<li>e-mail:&nbsp;<a href=\"mailto:matea.badnjevic@fdmri.uniri.hr\">matea.badnjevic@fdmri.uniri.hr<\/a><\/li>\n<\/ul>\n\n\n\n<p>Matea Tomljanovi\u0107, DMD<\/p>\n\n\n\n<p>e-mail:&nbsp;<a href=\"mailto:matea.tomljanovic@fdmri.uniri.hr\">matea.tomljanovic@fdmri.uniri.hr<\/a>&nbsp;&nbsp;&nbsp;&nbsp;&nbsp;&nbsp;&nbsp;&nbsp;&nbsp;&nbsp;&nbsp;&nbsp;&nbsp;&nbsp;&nbsp;&nbsp;&nbsp;&nbsp;&nbsp;&nbsp;&nbsp;&nbsp;&nbsp;&nbsp;&nbsp;&nbsp;&nbsp;&nbsp;&nbsp;&nbsp;&nbsp;&nbsp;&nbsp;&nbsp;&nbsp;&nbsp;&nbsp;&nbsp;&nbsp;&nbsp;&nbsp;&nbsp;&nbsp;&nbsp;&nbsp;&nbsp;&nbsp;&nbsp;&nbsp;&nbsp;&nbsp;&nbsp;&nbsp;&nbsp;&nbsp;&nbsp;<\/p>\n\n\n\n<p><strong>Associates:<\/strong><\/p>\n\n\n\n<p>Honorary Prof. Vaska Vandevska Radunovi\u0107, DMD, PhD,<br>Guest Professor from University of Oslo, Norway<\/p>\n\n\n\n<ul class=\"wp-block-list\">\n<li>e-mail:&nbsp;<a href=\"mailto:vaska.vandevska-radunovic@odont.uio.no\">vaska.vandevska-radunovic@odont.uio.no<\/a><\/li>\n<\/ul>\n\n\n\n<p>Asst. Prof. Barbara Mady Mari\u010di\u0107, DMD, PhD<\/p>\n\n\n\n<p>      \u2022&nbsp; e-mail: <a href=\"mailto:barbaramady@gmail.com\">barbaramady@gmail.com<\/a><\/p>\n\n\n\n<p>Martina \u017digante, DMD, PhD<\/p>\n\n\n\n<ul class=\"wp-block-list\">\n<li>e-mail:&nbsp;<a href=\"mailto:martina.zigante@uniri.hr\">martina.zigante@uniri.hr<\/a><\/li>\n<\/ul>\n\n\n\n<p>Vjera Perkovi\u0107, DMD, PhD<\/p>\n\n\n\n<ul class=\"wp-block-list\">\n<li>e-mail:&nbsp;<a href=\"mailto:vjera.perkovic@uniri.hr\">vjera.perkovic@uniri.hr<\/a><\/li>\n<\/ul>\n\n\n\n<p>Mia Uha\u010d Ludvig, DMD, PhD<\/p>\n\n\n\n<ul class=\"wp-block-list\">\n<li>e-mail:&nbsp;<a href=\"mailto:mia.uhac@uniri.hr\">mia.uhac@fdmri.uniri.hr<\/a><\/li>\n<\/ul>\n\n\n\n<p>Martina Brumini, DMD, PhD<\/p>\n\n\n\n<ul class=\"wp-block-list\">\n<li>e-mail:&nbsp;<a href=\"mailto:martina.brumini@gmail.com\">martina.brumini@gmail.com<\/a><\/li>\n<\/ul>\n\n\n\n<p>Doris \u0160imac Pavi\u010di\u0107, DMD<\/p>\n\n\n\n<ul class=\"wp-block-list\">\n<li>e-mail: <a href=\"mailto:doris.simac@gmail.com\">doris.simac@gmail.com<\/a><\/li>\n<\/ul>\n\n\n\n<p><\/p>\n\n\n\n<p style=\"font-size:24px\"><strong>Department of Prosthodontics<\/strong><\/p>\n\n\n\n<p><strong>Head of department<\/strong>:<\/p>\n\n\n\n<p>Prof. Ivone Uha\u010d, DMD, PhD<\/p>\n\n\n\n<ul class=\"wp-block-list\">\n<li>e-mail: <a href=\"mailto:ivone.uhac@fdmri.uniri.hr\">ivone.uhac@fdmri.uniri.hr<\/a>&nbsp;<\/li>\n<\/ul>\n\n\n\n<p><strong>Members:<\/strong><\/p>\n\n\n\n<p>Prof. Prim. Renata Gr\u017ei\u0107, DMD, PhD<\/p>\n\n\n\n<ul class=\"wp-block-list\">\n<li>e-mail:&nbsp;<a href=\"mailto:renata.grzic@fdmri.uniri.hr\">renata.grzic@fdmri.uniri.hr<\/a>&nbsp;&nbsp;<\/li>\n<\/ul>\n\n\n\n<p>Prof. Prim. Daniela Kova\u010devi\u0107 Pavi\u010di\u0107, DMD, PhD<\/p>\n\n\n\n<ul class=\"wp-block-list\">\n<li>e-mail:&nbsp;<a href=\"mailto:daniela.kovacevic@fdmri.uniri.hr\">daniela.kovacevic@fdmri.uniri.hr<\/a>&nbsp;<\/li>\n<\/ul>\n\n\n\n<p>Prof. Zoran Kova\u010d, DMD, PhD<\/p>\n\n\n\n<ul class=\"wp-block-list\">\n<li>e-mail:&nbsp;<a href=\"mailto:zoran.kovac@fdmri.uniri.hr\">zoran.kovac@fdmri.uniri.hr<\/a>&nbsp;<\/li>\n<\/ul>\n\n\n\n<p>Prof. Vlatka Debeljak, DMD, PhD<\/p>\n\n\n\n<ul class=\"wp-block-list\">\n<li>e-mail:&nbsp;<a href=\"mailto:vlatka.lajnert@fdmri.uniri.hr\">vlatka.debeljak@fdmri.uniri.hr<\/a>&nbsp;<\/li>\n<\/ul>\n\n\n\n<p>Prof. Sun\u010dana Simoni\u0107 Kocijan, DMD, PhD<\/p>\n\n\n\n<ul class=\"wp-block-list\">\n<li>e-mail:&nbsp;<a href=\"mailto:suncana.simonic-kocijan@fdmri.uniri.hr\">suncana.simonic-kocijan@fdmri.uniri.hr<\/a>&nbsp;<\/li>\n<\/ul>\n\n\n\n<p>Davor Vu\u010dini\u0107, DMD &nbsp;<\/p>\n\n\n\n<ul class=\"wp-block-list\">\n<li>e-mail:&nbsp;<a href=\"mailto:davor.vucinic@fdmri.uniri.hr\">davor.vucinic@uniri.hr<\/a><\/li>\n<\/ul>\n\n\n\n<p>Ana Domitrovi\u0107, DMD<\/p>\n\n\n\n<ul class=\"wp-block-list\">\n<li>e-mail:&nbsp;<a href=\"mailto:ana.domitrovic@uniri.hr\">ana.domitrovic@uniri.hr<\/a><\/li>\n<\/ul>\n\n\n\n<p>Mario Fable, DMD<\/p>\n\n\n\n<ul class=\"wp-block-list\">\n<li>e-mail:&nbsp;<a href=\"mailto:mario.fable@fdmri.uniri.hr\">mario.fable@fdmri.uniri.hr<\/a><\/li>\n<\/ul>\n\n\n\n<p><strong>Associates<\/strong>:<\/p>\n\n\n\n<p>Honorary Asst. Prof. Robert Antoni\u0107, DMD, PhD<\/p>\n\n\n\n<ul class=\"wp-block-list\">\n<li>e-mail:<a href=\"mailto:robert.antonic@fdmri.uniri.hr\"> robert.antonic@fdmri.uniri.hr<\/a>&nbsp;<\/li>\n<\/ul>\n\n\n\n<p>Dorotea Bla\u0161kovi\u0107, DMD<\/p>\n\n\n\n<ul class=\"wp-block-list\">\n<li>e-mail: <a href=\"mailto:dorotea.blaskoic@fdmri.uniri.hr\">dorotea.blaskovic@fdmri.uniri.hr<\/a><\/li>\n<\/ul>\n\n\n\n<p>Patricija \u017duji\u0107 Sindik, DMD<\/p>\n\n\n\n<p><\/p>\n\n\n\n<p style=\"font-size:24px\"><strong>Department of Oral Medicine <\/strong><\/p>\n\n\n\n<p><strong>Head of department<\/strong>:<\/p>\n\n\n\n<p>Prof. Prim. Sonja Pezelj-Ribari\u0107, DMD, PhD<\/p>\n\n\n\n<ul class=\"wp-block-list\">\n<li>e-mail:&nbsp;<a href=\"mailto:sonja.pezelj-ribaric@fdmri.uniri.hr\">sonja.pezelj-ribaric@fdmri.uniri.hr<\/a><\/li>\n<\/ul>\n\n\n\n<p><strong>Members:<\/strong><\/p>\n\n\n\n<p>Prof. Prim. Miranda Muhvi\u0107 Urek, DMD, PhD<\/p>\n\n\n\n<ul class=\"wp-block-list\">\n<li>e-mail:&nbsp;<a href=\"mailto:miranda.muhvic.urek@fdmri.uniri.hr\">miranda.muhvic.urek@fdmri.uniri.hr<\/a><\/li>\n<\/ul>\n\n\n\n<p>Prof. Irena Gla\u017ear, DMD, PhD<\/p>\n\n\n\n<ul class=\"wp-block-list\">\n<li>e-mail:&nbsp;<a href=\"mailto:irena.glazar@fdmri.uniri.hr\">irena.glazar@fdmri.uniri.hr<\/a><\/li>\n<\/ul>\n\n\n\n<p>Lucija Hero Marijanovi\u0107, DMD<\/p>\n\n\n\n<ul class=\"wp-block-list\">\n<li>e-mail:&nbsp;<a href=\"mailto:lucija.hero.marijan@fdmri.uniri.hr\">lucija.hero.marijan@fdmri.uniri.hr<\/a><\/li>\n<\/ul>\n\n\n\n<p><strong>Associates<\/strong>:<\/p>\n\n\n\n<p>Ema Saltovi\u0107, DMD<\/p>\n\n\n\n<ul class=\"wp-block-list\">\n<li>e-mail:&nbsp;<a href=\"mailto:ema.saltovic@fdmri.uniri.hr\">ema.saltovic@fdmri.uniri.hr<\/a><\/li>\n<\/ul>\n\n\n\n<p>Ella Sever, DMD, PhD<\/p>\n\n\n\n<ul class=\"wp-block-list\">\n<li>e-mail: <a href=\"mailto:ella.sever@fdmri.uniri.hr\">ella.sever@fdmri.uniri.hr<\/a><\/li>\n<\/ul>\n\n\n\n<p>Laura Fosco Glava\u0161, DMD<br><br><\/p>\n\n\n\n<p style=\"font-size:24px\"><strong>Department of Periodontology<\/strong><\/p>\n\n\n\n<p><strong>Head of department<\/strong>:<\/p>\n\n\n\n<p>Prof. Davor Kui\u0161, DMD, PhD<\/p>\n\n\n\n<ul class=\"wp-block-list\">\n<li>email: <a href=\"mailto:davor.kuis@fdmri.uniri.hr\">davor.kuis@fdmri.uniri.hr<\/a><\/li>\n<\/ul>\n\n\n\n<p><strong>Members<\/strong>:<\/p>\n\n\n\n<p>Assoc. Prof. Jelena Prpi\u0107, DMD, PhD<\/p>\n\n\n\n<ul class=\"wp-block-list\">\n<li>email: <a href=\"mailto:jelena.prpic@fdmri.uniri.hr\">jelena.prpic@fdmri.uniri.hr<\/a><\/li>\n<\/ul>\n\n\n\n<p>Zvonimir Kunosi\u0107, DMD&nbsp;&nbsp;&nbsp;&nbsp;&nbsp;&nbsp;&nbsp;&nbsp;&nbsp;&nbsp;&nbsp;&nbsp;&nbsp;&nbsp;&nbsp;&nbsp;&nbsp;&nbsp;&nbsp;&nbsp;&nbsp;&nbsp;&nbsp;&nbsp;&nbsp;&nbsp;&nbsp;&nbsp;&nbsp;&nbsp;&nbsp;&nbsp;&nbsp;&nbsp;&nbsp;&nbsp;&nbsp; &nbsp;&nbsp;&nbsp;&nbsp;&nbsp;&nbsp;&nbsp;&nbsp;&nbsp;&nbsp;&nbsp;&nbsp;&nbsp;&nbsp;&nbsp;&nbsp;&nbsp;&nbsp;&nbsp;&nbsp;&nbsp;<\/p>\n\n\n\n<ul class=\"wp-block-list\">\n<li>e-mail:&nbsp;<a href=\"mailto:zvonimir.kunosi%C4%87@gmail.com\">zvonimir.kunosic@gmail.com<\/a><\/li>\n<\/ul>\n","protected":false},"excerpt":{"rendered":"<p>The Faculty of dental medicine of the University of Rijeka consists of the following departments: Department of Oral Surgery Head of department: Asst. Prof. Ivana Vidovi\u0107 Zdrili\u0107, DMD, PhD Members: Prof. Prim. Tomislav \u0106abov, DMD, PhD Assoc. Prof. Ivan Gali\u0107, DMD, PhD Asst. Prof.&nbsp;Marko Bla\u0161kovi\u0107, DMD, PhD, Iva Zeneral \u017du\u017ea, DMD Lovre Labura, DMD, &nbsp; [&hellip;]<\/p>\n","protected":false},"author":4,"featured_media":0,"parent":1359,"menu_order":3,"comment_status":"closed","ping_status":"closed","template":"","meta":{"_acf_changed":false,"footnotes":""},"class_list":["post-1361","page","type-page","status-publish","hentry"],"acf":[],"_links":{"self":[{"href":"https:\/\/fdmri.uniri.hr\/en\/wp-json\/wp\/v2\/pages\/1361","targetHints":{"allow":["GET"]}}],"collection":[{"href":"https:\/\/fdmri.uniri.hr\/en\/wp-json\/wp\/v2\/pages"}],"about":[{"href":"https:\/\/fdmri.uniri.hr\/en\/wp-json\/wp\/v2\/types\/page"}],"author":[{"embeddable":true,"href":"https:\/\/fdmri.uniri.hr\/en\/wp-json\/wp\/v2\/users\/4"}],"replies":[{"embeddable":true,"href":"https:\/\/fdmri.uniri.hr\/en\/wp-json\/wp\/v2\/comments?post=1361"}],"version-history":[{"count":30,"href":"https:\/\/fdmri.uniri.hr\/en\/wp-json\/wp\/v2\/pages\/1361\/revisions"}],"predecessor-version":[{"id":11697,"href":"https:\/\/fdmri.uniri.hr\/en\/wp-json\/wp\/v2\/pages\/1361\/revisions\/11697"}],"up":[{"embeddable":true,"href":"https:\/\/fdmri.uniri.hr\/en\/wp-json\/wp\/v2\/pages\/1359"}],"wp:attachment":[{"href":"https:\/\/fdmri.uniri.hr\/en\/wp-json\/wp\/v2\/media?parent=1361"}],"curies":[{"name":"wp","href":"https:\/\/api.w.org\/{rel}","templated":true}]}}