{"id":1363,"date":"2021-04-21T10:18:50","date_gmt":"2021-04-21T10:18:50","guid":{"rendered":"https:\/\/fdmri.uniri.hr\/?page_id=1363"},"modified":"2026-03-18T09:23:11","modified_gmt":"2026-03-18T09:23:11","slug":"faculty-administration","status":"publish","type":"page","link":"https:\/\/fdmri.uniri.hr\/en\/faculty\/faculty-administration\/","title":{"rendered":"Faculty administration"},"content":{"rendered":"\n<p><strong>Dean<\/strong><\/p>\n\n\n\n<p>Prof.  Sonja Pezelj-Ribari\u0107, PhD, DMD<br><a href=\"mailto:sonja.pezelj.ribaric@fdmri.uniri.hr\">sonja.pezelj.ribaric@fdmri.uniri.hr<\/a><\/p>\n\n\n\n<p><strong>Vice Dean of Education and Bussiness affairs<\/strong><\/p>\n\n\n\n<p>Prof. Nata\u0161a Ivan\u010di\u0107 Joki\u0107, PhD, DMD<br><a href=\"mailto:natasa.ivancic.jokic@fdmri.uniri.hr\">natasa.ivancic.jokic@fdmri.uniri.hr<\/a> <\/p>\n\n\n\n<p><strong>Vice Dean of Internationalization, Science and Quality<\/strong><\/p>\n\n\n\n<p>Asst. prof. Romana Per\u0161i\u0107 Bukmir, PhD, DMD<br><a href=\"mailto:irena.glazar@fdmri.uniri.hr\"><\/a><a href=\"mailto:romana.persic@fdmri.uniri.hr\">romana.persic@fdmri.uniri.hr<\/a><\/p>\n\n\n\n<p><strong>Vice Dean for General Affairs<\/strong><\/p>\n\n\n\n<p>Asst. Prof. Jelena Vidas Hrsti\u0107, DMD, PhD<br><a href=\"https:\/\/fdmri.uniri.hr\/o-fakultetu-dentalne-medicine\/uprava\/jelena.vidas@fdmri.uniri.hr\">jelena.vidas@fdmri.uniri.hr<\/a><\/p>\n","protected":false},"excerpt":{"rendered":"<p>Dean Prof. Sonja Pezelj-Ribari\u0107, PhD, DMDsonja.pezelj.ribaric@fdmri.uniri.hr Vice Dean of Education and Bussiness affairs Prof. Nata\u0161a Ivan\u010di\u0107 Joki\u0107, PhD, DMDnatasa.ivancic.jokic@fdmri.uniri.hr Vice Dean of Internationalization, Science and Quality Asst. prof. Romana Per\u0161i\u0107 Bukmir, PhD, DMDromana.persic@fdmri.uniri.hr Vice Dean for General Affairs Asst. Prof. Jelena Vidas Hrsti\u0107, DMD, PhDjelena.vidas@fdmri.uniri.hr<\/p>\n","protected":false},"author":4,"featured_media":0,"parent":1359,"menu_order":2,"comment_status":"closed","ping_status":"closed","template":"","meta":{"_acf_changed":false,"footnotes":""},"class_list":["post-1363","page","type-page","status-publish","hentry"],"acf":[],"_links":{"self":[{"href":"https:\/\/fdmri.uniri.hr\/en\/wp-json\/wp\/v2\/pages\/1363","targetHints":{"allow":["GET"]}}],"collection":[{"href":"https:\/\/fdmri.uniri.hr\/en\/wp-json\/wp\/v2\/pages"}],"about":[{"href":"https:\/\/fdmri.uniri.hr\/en\/wp-json\/wp\/v2\/types\/page"}],"author":[{"embeddable":true,"href":"https:\/\/fdmri.uniri.hr\/en\/wp-json\/wp\/v2\/users\/4"}],"replies":[{"embeddable":true,"href":"https:\/\/fdmri.uniri.hr\/en\/wp-json\/wp\/v2\/comments?post=1363"}],"version-history":[{"count":10,"href":"https:\/\/fdmri.uniri.hr\/en\/wp-json\/wp\/v2\/pages\/1363\/revisions"}],"predecessor-version":[{"id":11716,"href":"https:\/\/fdmri.uniri.hr\/en\/wp-json\/wp\/v2\/pages\/1363\/revisions\/11716"}],"up":[{"embeddable":true,"href":"https:\/\/fdmri.uniri.hr\/en\/wp-json\/wp\/v2\/pages\/1359"}],"wp:attachment":[{"href":"https:\/\/fdmri.uniri.hr\/en\/wp-json\/wp\/v2\/media?parent=1363"}],"curies":[{"name":"wp","href":"https:\/\/api.w.org\/{rel}","templated":true}]}}