{"id":1536,"date":"2021-04-22T06:26:36","date_gmt":"2021-04-22T06:26:36","guid":{"rendered":"https:\/\/fdmri.uniri.hr\/?page_id=1536"},"modified":"2026-02-19T05:39:27","modified_gmt":"2026-02-19T05:39:27","slug":"address-and-contact","status":"publish","type":"page","link":"https:\/\/fdmri.uniri.hr\/en\/address-and-contact\/","title":{"rendered":"Address and contact"},"content":{"rendered":"\n<p><strong>University of Rijeka<\/strong><br><strong>Faculty of dental medicine <br><\/strong>Kre\u0161imirova 40\/42,<br>51000 Rijeka,<br>Croatia<\/p>\n\n\n\n<p>Email: <\/p>\n\n\n\n<ul class=\"wp-block-list\">\n<li><a href=\"mailto:englishdental@fdmri.uniri.hr\" target=\"_blank\" rel=\"noreferrer noopener\">englishdental@fdmri.uniri.hr<\/a>, <\/li>\n<\/ul>\n\n\n\n<p>Account holder: SVEU\u010cILI\u0160TE U RIJECI<\/p>\n\n\n\n<p>IBAN: HR5324020061100977786<\/p>\n\n\n\n<p>Bank: ERSTE&amp;STEIERM\u00c4RKISCHE BANK d.d.,<br>Bank address: Jadranski trg 3a, 51000 Rijeka, Croatia<br>SWIFT: ESBCHR22<\/p>\n\n\n\n<hr class=\"wp-block-separator has-css-opacity\"\/>\n\n\n\n<h4 class=\"wp-block-heading\">Student Affair&#8217;s Office<\/h4>\n\n\n\n<p><strong>Nicole Tomi\u0161i\u0107, MPA<\/strong><br>T +385 51 559 202<br><a href=\"mailto:ntomisic@fdmri.uniri.hr\">ntomisic@fdmri.uniri.hr<\/a><\/p>\n\n\n\n<h4 class=\"wp-block-heading\">Office for Procurement and Projects<\/h4>\n\n\n\n<p><strong>Linda Petri\u010di\u0107<\/strong><br>M +385 91 165 1207<br><a href=\"mailto:linda.petricic@fdmri.uniri.hr\">linda.petricic@fdmri.uniri.hr<\/a><\/p>\n\n\n\n<p><strong>Martina Mladeni\u0107<br><\/strong>M +385 99 543 0365<br><a href=\"mailto:martina.mladenic@fdmri.uniri.hr\">martina.mladenic@fdmri.uniri.hr<\/a><\/p>\n\n\n\n<h4 class=\"wp-block-heading\">General and Human Resources Affairs<\/h4>\n\n\n\n<p><strong>Bojan Trivi\u0107<br><\/strong>T +385 51 559 200<br>bojan.trivic@fdmri.uniri.hr<\/p>\n","protected":false},"excerpt":{"rendered":"<p>University of RijekaFaculty of dental medicine Kre\u0161imirova 40\/42,51000 Rijeka,Croatia Email: Account holder: SVEU\u010cILI\u0160TE U RIJECI IBAN: HR5324020061100977786 Bank: ERSTE&amp;STEIERM\u00c4RKISCHE BANK d.d.,Bank address: Jadranski trg 3a, 51000 Rijeka, CroatiaSWIFT: ESBCHR22 Student Affair&#8217;s Office Nicole Tomi\u0161i\u0107, MPAT +385 51 559 202ntomisic@fdmri.uniri.hr Office for Procurement and Projects Linda Petri\u010di\u0107M +385 91 165 1207linda.petricic@fdmri.uniri.hr Martina Mladeni\u0107M +385 99 543 [&hellip;]<\/p>\n","protected":false},"author":4,"featured_media":0,"parent":0,"menu_order":6,"comment_status":"closed","ping_status":"closed","template":"","meta":{"_acf_changed":false,"footnotes":""},"class_list":["post-1536","page","type-page","status-publish","hentry"],"acf":[],"_links":{"self":[{"href":"https:\/\/fdmri.uniri.hr\/en\/wp-json\/wp\/v2\/pages\/1536","targetHints":{"allow":["GET"]}}],"collection":[{"href":"https:\/\/fdmri.uniri.hr\/en\/wp-json\/wp\/v2\/pages"}],"about":[{"href":"https:\/\/fdmri.uniri.hr\/en\/wp-json\/wp\/v2\/types\/page"}],"author":[{"embeddable":true,"href":"https:\/\/fdmri.uniri.hr\/en\/wp-json\/wp\/v2\/users\/4"}],"replies":[{"embeddable":true,"href":"https:\/\/fdmri.uniri.hr\/en\/wp-json\/wp\/v2\/comments?post=1536"}],"version-history":[{"count":22,"href":"https:\/\/fdmri.uniri.hr\/en\/wp-json\/wp\/v2\/pages\/1536\/revisions"}],"predecessor-version":[{"id":11481,"href":"https:\/\/fdmri.uniri.hr\/en\/wp-json\/wp\/v2\/pages\/1536\/revisions\/11481"}],"wp:attachment":[{"href":"https:\/\/fdmri.uniri.hr\/en\/wp-json\/wp\/v2\/media?parent=1536"}],"curies":[{"name":"wp","href":"https:\/\/api.w.org\/{rel}","templated":true}]}}