{"id":3342,"date":"2022-09-13T09:35:12","date_gmt":"2022-09-13T09:35:12","guid":{"rendered":"https:\/\/fdmri.uniri.hr\/?page_id=3342"},"modified":"2026-03-17T13:21:48","modified_gmt":"2026-03-17T13:21:48","slug":"administrative-services","status":"publish","type":"page","link":"https:\/\/fdmri.uniri.hr\/en\/faculty\/administrative-services\/","title":{"rendered":"Administrative services"},"content":{"rendered":"\n<p><strong>Working hours with students and clients: <\/strong><br><strong>MON &#8211; FRI; 11:30 a.m. &#8211; 2:30 p.m<\/strong>. <br><\/p>\n\n\n\n<h3 class=\"wp-block-heading\">Employees<br><\/h3>\n\n\n\n<p><strong><strong>Student affair&#8217;s office<\/strong><\/strong><\/p>\n\n\n\n<p>Nicole Tomi\u0161i\u0107, mag.admin.publ.<\/p>\n\n\n\n<p>E-mail: <a href=\"mailto:ntomisic@student.uniri.hr\">ntomisic@fdmri.uniri.hr<\/a><br>Tel:  +385 51 559 202<\/p>\n\n\n\n<p><strong>Expert Associate for General Affairs<\/strong>, <strong><strong>Student\u2019s Issues<\/strong><\/strong> <strong>and Projects  <\/strong><\/p>\n\n\n\n<p>Linda Petri\u010di\u0107, spec.eoc.<\/p>\n\n\n\n<p>E-mail:<a href=\"mailto:linda.petricic@fdmri.uniri.hr\"> linda.petricic@fdmri.uniri.hr<\/a><br>Tel:  +385 91 165 1207<\/p>\n\n\n\n<p><strong>General and Human Resources Officer<\/strong><br><br>Bojan Trivi\u0107, univ.mag.iur.<\/p>\n\n\n\n<p>E-mail: <a>bojan.trivic@fdmri.uniri.hr<\/a><br>Tel: +385 51 559 200<\/p>\n\n\n\n<p><strong>Procurement and Projects Officer<\/strong><br><br>Martina Mladeni\u0107, mag.oec.<\/p>\n\n\n\n<p>E-mail: <a>martina.mladenic@fdmri.uniri.hr<\/a><br>Tel: +385 99 543 0365<br><\/p>\n","protected":false},"excerpt":{"rendered":"<p>Working hours with students and clients: MON &#8211; FRI; 11:30 a.m. &#8211; 2:30 p.m. Employees Student affair&#8217;s office Nicole Tomi\u0161i\u0107, mag.admin.publ. E-mail: ntomisic@fdmri.uniri.hrTel: +385 51 559 202 Expert Associate for General Affairs, Student\u2019s Issues and Projects Linda Petri\u010di\u0107, spec.eoc. E-mail: linda.petricic@fdmri.uniri.hrTel: +385 91 165 1207 General and Human Resources Officer Bojan Trivi\u0107, univ.mag.iur. E-mail: bojan.trivic@fdmri.uniri.hrTel: [&hellip;]<\/p>\n","protected":false},"author":4,"featured_media":0,"parent":1359,"menu_order":4,"comment_status":"closed","ping_status":"closed","template":"","meta":{"_acf_changed":false,"footnotes":""},"class_list":["post-3342","page","type-page","status-publish","hentry"],"acf":[],"_links":{"self":[{"href":"https:\/\/fdmri.uniri.hr\/en\/wp-json\/wp\/v2\/pages\/3342","targetHints":{"allow":["GET"]}}],"collection":[{"href":"https:\/\/fdmri.uniri.hr\/en\/wp-json\/wp\/v2\/pages"}],"about":[{"href":"https:\/\/fdmri.uniri.hr\/en\/wp-json\/wp\/v2\/types\/page"}],"author":[{"embeddable":true,"href":"https:\/\/fdmri.uniri.hr\/en\/wp-json\/wp\/v2\/users\/4"}],"replies":[{"embeddable":true,"href":"https:\/\/fdmri.uniri.hr\/en\/wp-json\/wp\/v2\/comments?post=3342"}],"version-history":[{"count":11,"href":"https:\/\/fdmri.uniri.hr\/en\/wp-json\/wp\/v2\/pages\/3342\/revisions"}],"predecessor-version":[{"id":11708,"href":"https:\/\/fdmri.uniri.hr\/en\/wp-json\/wp\/v2\/pages\/3342\/revisions\/11708"}],"up":[{"embeddable":true,"href":"https:\/\/fdmri.uniri.hr\/en\/wp-json\/wp\/v2\/pages\/1359"}],"wp:attachment":[{"href":"https:\/\/fdmri.uniri.hr\/en\/wp-json\/wp\/v2\/media?parent=3342"}],"curies":[{"name":"wp","href":"https:\/\/api.w.org\/{rel}","templated":true}]}}