{"id":3344,"date":"2022-09-13T09:35:44","date_gmt":"2022-09-13T09:35:44","guid":{"rendered":"https:\/\/fdmri.uniri.hr\/?page_id=3344"},"modified":"2026-03-17T09:37:55","modified_gmt":"2026-03-17T09:37:55","slug":"faculty-boards-and-committees","status":"publish","type":"page","link":"https:\/\/fdmri.uniri.hr\/en\/faculty\/faculty-boards-and-committees\/","title":{"rendered":"Faculty Boards and committees"},"content":{"rendered":"\n<h2 class=\"wp-block-heading\">Committees of the Faculty of Dental Medicine, University of Rijeka<\/h2>\n\n\n\n<h2 class=\"wp-block-heading\">Teaching Committee<\/h2>\n\n\n\n<p><strong>President of the committee<\/strong><\/p>\n\n\n\n<ul class=\"wp-block-list\">\n<li>Prof. Prim. Nata\u0161a Ivan\u010di\u0107 Joki\u0107, DMD, PhD<\/li>\n<\/ul>\n\n\n\n<p><strong>Committee members<\/strong><\/p>\n\n\n\n<ul class=\"wp-block-list\">\n<li>Prof. Prim. Nata\u0161a Ivan\u010di\u0107 Joki\u0107, DMD, PhD<\/li>\n\n\n\n<li>Prof. Alen Braut, DMD, PhD<\/li>\n\n\n\n<li>Prof. Davor Kui\u0161, DMD, PhD<\/li>\n\n\n\n<li>Prof. Irena Gla\u017ear, DMD, PhD<\/li>\n\n\n\n<li>Prof. Ivana Brekalo Pr\u0161o, DMD, PhD<\/li>\n\n\n\n<li>Prof. Ivone Uha\u010d, DMD, PhD<\/li>\n\n\n\n<li>Prof. Zoran Kova\u010d, DMD, PhD<\/li>\n\n\n\n<li>Prof. Gordana Star\u010devi\u0107 Klasan, MD, PhD<\/li>\n\n\n\n<li>Asst. Prof. Magda Trinajsti\u0107 Zrinski, DMD, PhD<\/li>\n\n\n\n<li>Asst. Prof. Romana Per\u0161i\u0107 Bukmir, DMD, PhD<\/li>\n\n\n\n<li>Nicole Tomi\u0161i\u0107, MPA<\/li>\n\n\n\n<li>Mare Reni\u0107, Student Representative<\/li>\n<\/ul>\n\n\n\n<p><\/p>\n\n\n\n<h2 class=\"wp-block-heading\">Committee for publishing activities<\/h2>\n\n\n\n<p><strong><strong>President of the <strong>committee<\/strong> <\/strong> <\/strong><\/p>\n\n\n\n<ul class=\"wp-block-list\">\n<li>Prof. Zoran Kova\u010d DMD, PhD<\/li>\n<\/ul>\n\n\n\n<p><strong><strong>Committee members<\/strong> <\/strong><\/p>\n\n\n\n<ul class=\"wp-block-list\">\n<li>Prof. Prim. Nata\u0161a Ivan\u010di\u0107-Joki\u0107, DMD, PhD<\/li>\n\n\n\n<li>Assist. prof. Vi\u0161nja Kati\u0107, DMD, PhD<\/li>\n<\/ul>\n\n\n\n<p><\/p>\n\n\n\n<h2 class=\"wp-block-heading\">Ethics committee<\/h2>\n\n\n\n<p><strong><strong><strong>President of the <strong>committee<\/strong><\/strong> <\/strong> <\/strong><\/p>\n\n\n\n<ul class=\"wp-block-list\">\n<li>Prof. Sun\u010dana Simoni\u0107 &#8211; Kocijan, DMD, PhD<\/li>\n<\/ul>\n\n\n\n<p><strong><strong><strong>Committee members<\/strong> <\/strong> <\/strong><\/p>\n\n\n\n<ul class=\"wp-block-list\">\n<li>Prof. Sun\u010dana Simoni\u0107-Kocijan, DMD, PhD<br>Substitute: Prof. Miranda Muhvi\u0107 Urek, DMD, PhD<\/li>\n\n\n\n<li>Prof. Danko Bakar\u010di\u0107, DMD, PhD<br>Substitute: Asst. Prof. Ivana Vidovi\u0107 Zdrili\u0107, DMD, PhD<\/li>\n\n\n\n<li>Prof. Irena Gla\u017ear, DMD, PhD<br>Substitute: Prof. Daniela Kova\u010devi\u0107 Pavi\u010di\u0107, DMD, PhD<\/li>\n\n\n\n<li>Odri Cicvari\u0107, DMD, PhD<br>Substitute: Asst. Prof. Jelena Vidas Hrsti\u0107, DMD, PhD<\/li>\n\n\n\n<li>Maria \u0160itin, Student Representative<br>Substitute: Ivona Marijanovi\u0107<br><\/li>\n<\/ul>\n\n\n\n<p><\/p>\n\n\n\n<h2 class=\"wp-block-heading\">Committee for the selection of teachers and associates<\/h2>\n\n\n\n<p><strong><strong><strong><strong>President of the <strong>committee<\/strong> <\/strong> <\/strong> <\/strong> <\/strong><\/p>\n\n\n\n<ul id=\"block-dd61847c-34c8-40af-9587-6802b8ad281e\" class=\"wp-block-list\">\n<li>Prof. Prim. Miranda Muhvi\u0107 Urek, DMD, PhD<\/li>\n<\/ul>\n\n\n\n<p><strong><strong><strong><strong>Committee members<\/strong><\/strong><\/strong> <\/strong><\/p>\n\n\n\n<ul class=\"wp-block-list\">\n<li>Prof. Prim. Miranda Muhvi\u0107 Urek, DMD, PhD<\/li>\n\n\n\n<li>Prof. Prim. Nata\u0161a Ivan\u010di\u0107 Joki\u0107, DMD, PhD<\/li>\n\n\n\n<li>Prof. Ivone Uha\u010d, DMD, PhD<\/li>\n\n\n\n<li>Prof. Ivana Brekalo Pr\u0161o, DMD, PhD<\/li>\n\n\n\n<li>Prof. Zoran Kova\u010d, DMD, PhD<\/li>\n\n\n\n<li>Prof. Davor Kui\u0161, DMD, PhD<\/li>\n\n\n\n<li>Asst. Prof. Vi\u0161nja Kati\u0107, DMD, PhD<\/li>\n<\/ul>\n\n\n\n<p><\/p>\n\n\n\n<h2 class=\"wp-block-heading\">Committee for Science<\/h2>\n\n\n\n<p><strong><strong><strong><strong><strong>President of the <strong>committee<\/strong><\/strong><\/strong><\/strong><\/strong> <\/strong><\/p>\n\n\n\n<ul id=\"block-1ad8c89a-404c-4e64-aba5-cb69e7ae1584\" class=\"wp-block-list\">\n<li>Prof. Prim. Stjepan \u0160palj, DMD, PhD<\/li>\n<\/ul>\n\n\n\n<p><strong><strong><strong><strong><strong>Committee members<\/strong><\/strong><\/strong><\/strong> <\/strong><\/p>\n\n\n\n<ul id=\"block-dd61847c-34c8-40af-9587-6802b8ad281e\" class=\"wp-block-list\">\n<li>Prof. Prim. Stjepan \u0160palj, DMD, PhD<\/li>\n\n\n\n<li>Prof. Alen Braut, DMD, PhD<\/li>\n\n\n\n<li>Prof. Irena Gla\u017ear, DMD, PhD<\/li>\n\n\n\n<li>Asst. Prof. Romana Per\u0161i\u0107 Bukmir, DMD, PhD<\/li>\n\n\n\n<li>Prof. Sun\u010dana Simoni\u0107-Kocijan, DMD, PhD<\/li>\n\n\n\n<li>Research Assistant Martina \u017digante, DMD, PhD<\/li>\n<\/ul>\n\n\n\n<h2 class=\"wp-block-heading\">Quality Committee<\/h2>\n\n\n\n<p><strong><strong><strong><strong><strong><strong>President of the <strong>committee<\/strong> <\/strong><\/strong><\/strong><\/strong> <\/strong> <\/strong><\/p>\n\n\n\n<ul class=\"wp-block-list\">\n<li>Prof. Ivana Brekalo Pr\u0161o, DMD, PhD-  president of the board<\/li>\n<\/ul>\n\n\n\n<p><strong><strong><strong><strong><strong><strong>Committee members<\/strong><\/strong><\/strong><\/strong> <\/strong> <\/strong><\/p>\n\n\n\n<ul class=\"wp-block-list\">\n<li>Prof. Ivana Brekalo Pr\u0161o, DMD, PhD<\/li>\n\n\n\n<li>Prof. Miranda Muhvi\u0107 Urek, DMD, PhD, Representative of Teaching Staff<\/li>\n\n\n\n<li>Prof. Danko Bakar\u010di\u0107, DMD, PhD, Representative of Teaching Staff<\/li>\n\n\n\n<li>Asst. Prof. Romana Per\u0161i\u0107 Bukmir, DMD, PhD, Representative of the Administration<\/li>\n\n\n\n<li>Elvis Bo\u017eac, DMD, PhD, Representative of Assistants<\/li>\n\n\n\n<li>Prof. Alen Proti\u0107, PhD, Representative of External Stakeholders<\/li>\n\n\n\n<li>Nicole Tomi\u0161i\u0107, MPA, Representative of Administrative Staff<\/li>\n\n\n\n<li>Lana Vidovi\u0107, Student Representative<\/li>\n<\/ul>\n\n\n\n<h2 class=\"wp-block-heading\">Committee for Recognition and Evaluation of Prior Learning<\/h2>\n\n\n\n<p><strong><strong><strong><strong><strong><strong><strong>President of the <strong>committee<\/strong><\/strong><\/strong><\/strong><\/strong> <\/strong> <\/strong> <\/strong><\/p>\n\n\n\n<ul class=\"wp-block-list\">\n<li>Prof. Prim. Nata\u0161a Ivan\u010di\u0107 Joki\u0107, DMD, PhD<\/li>\n<\/ul>\n\n\n\n<p><strong><strong><strong><strong><strong><strong><strong>Committee members<\/strong><\/strong><\/strong><\/strong> <\/strong> <\/strong> <\/strong><\/p>\n\n\n\n<ul class=\"wp-block-list\">\n<li>Prof. Prim. Nata\u0161a Ivan\u010di\u0107 Joki\u0107, DMD, PhD<\/li>\n\n\n\n<li>Asst. Prof. Romana Per\u0161i\u0107 Bukmir, DMD, PhD<\/li>\n\n\n\n<li>Nicole Tomi\u0161i\u0107, MPA<\/li>\n<\/ul>\n\n\n\n<h2 class=\"wp-block-heading\">Committee for Lifelong Learning<\/h2>\n\n\n\n<p><strong><strong><strong><strong><strong><strong>President of the <strong>committee<\/strong> <\/strong><\/strong><\/strong><\/strong> <\/strong> <\/strong><\/p>\n\n\n\n<ul class=\"wp-block-list\">\n<li>Prof. Ivana Brekalo-Pr\u0161o, DMD, PhD<\/li>\n<\/ul>\n\n\n\n<p><strong><strong><strong><strong><strong><strong>Committee members<\/strong><\/strong><\/strong><\/strong> <\/strong> <\/strong><\/p>\n\n\n\n<ul class=\"wp-block-list\">\n<li>Asst. Prof. Ivana Vidovi\u0107 Zdrili\u0107, DMD, PhD<\/li>\n\n\n\n<li>Asst. Prof. Jelena Vidas Hrsti\u0107, DMD, PhD<\/li>\n<\/ul>\n\n\n\n<h2 class=\"wp-block-heading\"><br>Committee for Expert Report<\/h2>\n\n\n\n<p><strong><strong><strong><strong><strong><strong>President of the <strong>committee<\/strong> <\/strong><\/strong><\/strong><\/strong> <\/strong> <\/strong><\/p>\n\n\n\n<ul class=\"wp-block-list\">\n<li>Prof. Ivone Uha\u010d, DMD, PhD<\/li>\n<\/ul>\n\n\n\n<p><strong><strong><strong><strong><strong><strong>Committee members<\/strong><\/strong><\/strong><\/strong> <\/strong> <\/strong><\/p>\n\n\n\n<ul class=\"wp-block-list\">\n<li>Prof. Davor Kui\u0161, DMD, PhD<\/li>\n\n\n\n<li>Asst. Prof.  Romana Per\u0161i\u0107 Bukmir, DMD, PhD<\/li>\n<\/ul>\n","protected":false},"excerpt":{"rendered":"<p>Committees of the Faculty of Dental Medicine, University of Rijeka Teaching Committee President of the committee Committee members Committee for publishing activities President of the committee Committee members Ethics committee President of the committee Committee members Committee for the selection of teachers and associates President of the committee Committee members Committee for Science President of [&hellip;]<\/p>\n","protected":false},"author":4,"featured_media":0,"parent":1359,"menu_order":7,"comment_status":"closed","ping_status":"closed","template":"","meta":{"_acf_changed":false,"footnotes":""},"class_list":["post-3344","page","type-page","status-publish","hentry"],"acf":[],"_links":{"self":[{"href":"https:\/\/fdmri.uniri.hr\/en\/wp-json\/wp\/v2\/pages\/3344","targetHints":{"allow":["GET"]}}],"collection":[{"href":"https:\/\/fdmri.uniri.hr\/en\/wp-json\/wp\/v2\/pages"}],"about":[{"href":"https:\/\/fdmri.uniri.hr\/en\/wp-json\/wp\/v2\/types\/page"}],"author":[{"embeddable":true,"href":"https:\/\/fdmri.uniri.hr\/en\/wp-json\/wp\/v2\/users\/4"}],"replies":[{"embeddable":true,"href":"https:\/\/fdmri.uniri.hr\/en\/wp-json\/wp\/v2\/comments?post=3344"}],"version-history":[{"count":27,"href":"https:\/\/fdmri.uniri.hr\/en\/wp-json\/wp\/v2\/pages\/3344\/revisions"}],"predecessor-version":[{"id":11694,"href":"https:\/\/fdmri.uniri.hr\/en\/wp-json\/wp\/v2\/pages\/3344\/revisions\/11694"}],"up":[{"embeddable":true,"href":"https:\/\/fdmri.uniri.hr\/en\/wp-json\/wp\/v2\/pages\/1359"}],"wp:attachment":[{"href":"https:\/\/fdmri.uniri.hr\/en\/wp-json\/wp\/v2\/media?parent=3344"}],"curies":[{"name":"wp","href":"https:\/\/api.w.org\/{rel}","templated":true}]}}